{"id":643,"date":"2022-06-25T10:46:06","date_gmt":"2022-06-25T10:46:06","guid":{"rendered":"https:\/\/fastwpdemo.com\/newwp\/educamb\/?page_id=643"},"modified":"2025-02-08T23:11:36","modified_gmt":"2025-02-08T23:11:36","slug":"iletisim","status":"publish","type":"page","link":"https:\/\/uluskoleji.com.tr\/mus\/iletisim\/","title":{"rendered":"\u0130leti\u015fim"},"content":{"rendered":"\t\t<div data-elementor-type=\"wp-page\" data-elementor-id=\"643\" class=\"elementor elementor-643\">\n\t\t\t\t\t\t<section class=\"elementor-section elementor-top-section elementor-element elementor-element-354bae8 elementor-section-full_width elementor-section-height-default elementor-section-height-default\" data-id=\"354bae8\" data-element_type=\"section\" data-e-type=\"section\">\n\t\t\t\t\t\t<div class=\"elementor-container elementor-column-gap-default\">\n\t\t\t\t\t<div class=\"elementor-column elementor-col-100 elementor-top-column elementor-element elementor-element-2f46cee\" data-id=\"2f46cee\" data-element_type=\"column\" data-e-type=\"column\">\n\t\t\t<div class=\"elementor-widget-wrap\">\n\t\t\t\t\t\t\t<\/div>\n\t\t<\/div>\n\t\t\t\t\t<\/div>\n\t\t<\/section>\n\t\t\t\t<section class=\"elementor-section elementor-top-section elementor-element elementor-element-8e795c8 elementor-section-full_width elementor-section-height-default elementor-section-height-default\" data-id=\"8e795c8\" data-element_type=\"section\" data-e-type=\"section\">\n\t\t\t\t\t\t<div class=\"elementor-container elementor-column-gap-default\">\n\t\t\t\t\t<div class=\"elementor-column elementor-col-100 elementor-top-column elementor-element elementor-element-6ab1d59\" data-id=\"6ab1d59\" data-element_type=\"column\" data-e-type=\"column\">\n\t\t\t<div class=\"elementor-widget-wrap elementor-element-populated\">\n\t\t\t\t\t\t<div class=\"elementor-element elementor-element-6e303ce elementor-widget elementor-widget-educamb_contact_info\" data-id=\"6e303ce\" data-element_type=\"widget\" data-e-type=\"widget\" data-widget_type=\"educamb_contact_info.default\">\n\t\t\t\t<div class=\"elementor-widget-container\">\n\t\t\t\t\t\t\n    <!--Start Quick Contact Info Area-->\n    <section class=\"quick-contact-info-area\">\n        <div class=\"container\">\n            <div class=\"row\">\n\n                                <div class=\"col-xl-6\">\n                    <div class=\"quick-contact-info-title\">\n                        <div class=\"sec-title\">\n                            <h2>\"\u0130leti\u015fim, bilgi aktarmak de\u011fil, anlam\u0131 payla\u015fmakt\u0131r.\"<\/h2>                                                        <div class=\"sub-title\">\n                                <p>\u2014 Richard Saul Wurman\n<a href><img decoding=\"async\" src=\"\"><\/p>\n                            <\/div>\n                                                    <\/div>\n                    <\/div>\n                <\/div>\n                                                <!--Start Quick Contact Info Single Box-->\n                <div class=\"col-xl-3\">\n                    <div class=\"quick-contact-info-single-box\">\n                        <div class=\"icon\">\n                            <span class=\"icon-phone\"><\/span>\n                        <\/div>\n                        <div class=\"text\">\n                            <h3>Aray\u0131n<\/h3>\n                            <p>Daha fazla bilgi almak i\u00e7in bizi aray\u0131n<\/p>\n                            <a href=\"tel:05323097245\">0532 309 7245<\/a>                            \n                        <\/div>\n                    <\/div>\n                <\/div>\n                <!--End Quick Contact Info Single Box-->\n                                <!--Start Quick Contact Info Single Box-->\n                <div class=\"col-xl-3\">\n                    <div class=\"quick-contact-info-single-box\">\n                        <div class=\"icon\">\n                            <span class=\"icon-send-1\"><\/span>\n                        <\/div>\n                        <div class=\"text\">\n                            <h3>ePosta G\u00f6nderin<\/h3>\n                            <p>Bize mail ile ula\u015fabilirsiniz<\/p>\n                            <a href=\"mailto:info@uluskoleji.com\">info@uluskoleji.com<\/a>                            \n                        <\/div>\n                    <\/div>\n                <\/div>\n                <!--End Quick Contact Info Single Box-->\n                            <\/div>\n        <\/div>\n    <\/section>\n    <!--End Quick Contact Info Area-->       \n             \n        \t\t\t\t<\/div>\n\t\t\t\t<\/div>\n\t\t\t\t<div class=\"elementor-element elementor-element-8be2539 elementor-widget elementor-widget-heading\" data-id=\"8be2539\" data-element_type=\"widget\" data-e-type=\"widget\" data-widget_type=\"heading.default\">\n\t\t\t\t<div class=\"elementor-widget-container\">\n\t\t\t\t\t<h3 class=\"elementor-heading-title elementor-size-default\">SOSYAL MEDYADA TAK\u0130P ED\u0130N<\/h3>\t\t\t\t<\/div>\n\t\t\t\t<\/div>\n\t\t\t\t<div class=\"elementor-element elementor-element-0cebc87 elementor-shape-rounded elementor-grid-0 e-grid-align-center elementor-widget elementor-widget-social-icons\" data-id=\"0cebc87\" data-element_type=\"widget\" data-e-type=\"widget\" data-widget_type=\"social-icons.default\">\n\t\t\t\t<div class=\"elementor-widget-container\">\n\t\t\t\t\t\t\t<div class=\"elementor-social-icons-wrapper elementor-grid\" role=\"list\">\n\t\t\t\t\t\t\t<span class=\"elementor-grid-item\" role=\"listitem\">\n\t\t\t\t\t<a class=\"elementor-icon elementor-social-icon elementor-social-icon-facebook elementor-repeater-item-f5f1f1a\" href=\"https:\/\/www.facebook.com\/people\/Ozeluluskoleji\/100091989710037\/?locale=tr_TR\" target=\"_blank\">\n\t\t\t\t\t\t<span class=\"elementor-screen-only\">Facebook<\/span>\n\t\t\t\t\t\t<svg aria-hidden=\"true\" class=\"e-font-icon-svg e-fab-facebook\" viewBox=\"0 0 512 512\" xmlns=\"http:\/\/www.w3.org\/2000\/svg\"><path d=\"M504 256C504 119 393 8 256 8S8 119 8 256c0 123.78 90.69 226.38 209.25 245V327.69h-63V256h63v-54.64c0-62.15 37-96.48 93.67-96.48 27.14 0 55.52 4.84 55.52 4.84v61h-31.28c-30.8 0-40.41 19.12-40.41 38.73V256h68.78l-11 71.69h-57.78V501C413.31 482.38 504 379.78 504 256z\"><\/path><\/svg>\t\t\t\t\t<\/a>\n\t\t\t\t<\/span>\n\t\t\t\t\t\t\t<span class=\"elementor-grid-item\" role=\"listitem\">\n\t\t\t\t\t<a class=\"elementor-icon elementor-social-icon elementor-social-icon-instagram elementor-repeater-item-b1c08d5\" href=\"https:\/\/www.instagram.com\/ozeluluskoleji\/\" target=\"_blank\">\n\t\t\t\t\t\t<span class=\"elementor-screen-only\">Instagram<\/span>\n\t\t\t\t\t\t<svg aria-hidden=\"true\" class=\"e-font-icon-svg e-fab-instagram\" viewBox=\"0 0 448 512\" xmlns=\"http:\/\/www.w3.org\/2000\/svg\"><path d=\"M224.1 141c-63.6 0-114.9 51.3-114.9 114.9s51.3 114.9 114.9 114.9S339 319.5 339 255.9 287.7 141 224.1 141zm0 189.6c-41.1 0-74.7-33.5-74.7-74.7s33.5-74.7 74.7-74.7 74.7 33.5 74.7 74.7-33.6 74.7-74.7 74.7zm146.4-194.3c0 14.9-12 26.8-26.8 26.8-14.9 0-26.8-12-26.8-26.8s12-26.8 26.8-26.8 26.8 12 26.8 26.8zm76.1 27.2c-1.7-35.9-9.9-67.7-36.2-93.9-26.2-26.2-58-34.4-93.9-36.2-37-2.1-147.9-2.1-184.9 0-35.8 1.7-67.6 9.9-93.9 36.1s-34.4 58-36.2 93.9c-2.1 37-2.1 147.9 0 184.9 1.7 35.9 9.9 67.7 36.2 93.9s58 34.4 93.9 36.2c37 2.1 147.9 2.1 184.9 0 35.9-1.7 67.7-9.9 93.9-36.2 26.2-26.2 34.4-58 36.2-93.9 2.1-37 2.1-147.8 0-184.8zM398.8 388c-7.8 19.6-22.9 34.7-42.6 42.6-29.5 11.7-99.5 9-132.1 9s-102.7 2.6-132.1-9c-19.6-7.8-34.7-22.9-42.6-42.6-11.7-29.5-9-99.5-9-132.1s-2.6-102.7 9-132.1c7.8-19.6 22.9-34.7 42.6-42.6 29.5-11.7 99.5-9 132.1-9s102.7-2.6 132.1 9c19.6 7.8 34.7 22.9 42.6 42.6 11.7 29.5 9 99.5 9 132.1s2.7 102.7-9 132.1z\"><\/path><\/svg>\t\t\t\t\t<\/a>\n\t\t\t\t<\/span>\n\t\t\t\t\t<\/div>\n\t\t\t\t\t\t<\/div>\n\t\t\t\t<\/div>\n\t\t\t\t<div class=\"elementor-element elementor-element-144eb3e elementor-widget elementor-widget-educamb_google_map\" data-id=\"144eb3e\" data-element_type=\"widget\" data-e-type=\"widget\" data-widget_type=\"educamb_google_map.default\">\n\t\t\t\t<div class=\"elementor-widget-container\">\n\t\t\t\t\t\t\n    <!--Start Contact Info Area-->\n    <section class=\"contact-info-area\">\n        <div class=\"container\">\n            <div class=\"row\">\n\n                <div class=\"col-xl-6\">\n                    <div class=\"contact-info-content\">\n                        <h2>E\u011fitimin Adresi<\/h2>                        <p>Gelece\u011fimiz i\u00e7in \u00e7al\u0131\u015f\u0131yoruz<\/p>                        <h3>adres<\/h3>                        <div class=\"video-gallery-btns-box\">\n                            \t\t\t\t\t\t\t                        <\/div>\n                                                <div class=\"icon-outer\">\n                            <span class=\"icon-world\"><\/span>\n                        <\/div>\n                                            <\/div>\n                <\/div>\n                <div class=\"col-xl-6\">\n                    <div class=\"contact-page-map-outer\">\n                        <!--Map Canvas-->\n                        <div class=\"map-canvas\">\n\t                        <iframe src=\"https:\/\/www.google.com\/maps\/embed?pb=!1m16!1m12!1m3!1d6946.106483303134!2d38.273021220933664!3d38.32371997967563!2m3!1f0!2f0!3f0!3m2!1i1024!2i768!4f13.1!2m1!1zIG1hbGF0eWEgdWx1cyB5YXnEsW4gZGHEn8SxdMSxbQ!5e0!3m2!1str!2str!4v1731966427740!5m2!1str!2str\" width=\"600\" height=\"450\" style=\"border:0;\" allowfullscreen=\"\" loading=\"lazy\" referrerpolicy=\"no-referrer-when-downgrade\"><\/iframe>                        <\/div>\n                    <\/div>\n                <\/div>\n\n            <\/div>\n        <\/div>\n    <\/section>\n    <!--End Contact Info Area-->        \n                     \n        \t\t\t\t<\/div>\n\t\t\t\t<\/div>\n\t\t\t\t\t<\/div>\n\t\t<\/div>\n\t\t\t\t\t<\/div>\n\t\t<\/section>\n\t\t\t\t<section class=\"elementor-section elementor-top-section elementor-element elementor-element-f4762bf elementor-section-full_width elementor-section-height-default elementor-section-height-default\" data-id=\"f4762bf\" data-element_type=\"section\" data-e-type=\"section\">\n\t\t\t\t\t\t<div class=\"elementor-container elementor-column-gap-default\">\n\t\t\t\t\t<div class=\"elementor-column elementor-col-100 elementor-top-column elementor-element elementor-element-4cec85e\" data-id=\"4cec85e\" data-element_type=\"column\" data-e-type=\"column\">\n\t\t\t<div class=\"elementor-widget-wrap elementor-element-populated\">\n\t\t\t\t\t\t<div class=\"elementor-element elementor-element-12b9095 elementor-widget elementor-widget-educamb_call_to_action\" data-id=\"12b9095\" data-element_type=\"widget\" data-e-type=\"widget\" data-widget_type=\"educamb_call_to_action.default\">\n\t\t\t\t<div class=\"elementor-widget-container\">\n\t\t\t\t\t    \n    <!--Start Slogan Style1 Area-->\n    <section class=\"slogan-style1-area\">\n        <div class=\"auto-container\">\n            <div class=\"slogan-style1\">\n                                <div class=\"slogan-style1__bg1\"\n                    style=\"background-image: url(https:\/\/uluskoleji.com.tr\/mus\/wp-content\/uploads\/sites\/5\/2022\/06\/slogan-style1-bg-1.jpg);\">\n                <\/div>\n                                                <div class=\"slogan-style1__bg2\"\n                    style=\"background-image: url(https:\/\/uluskoleji.com.tr\/mus\/wp-content\/uploads\/sites\/5\/2022\/06\/slogan-style1-bg-2.jpg);\">\n                <\/div>\n                                <div class=\"container\">\n                    <div class=\"slogan-style1__inner\">\n                                                <div class=\"title\">\n                            <h2><span>Hemen!..<\/span> Kay\u0131t olun<\/h2>\n                        <\/div>\n                                                                        <div class=\"button-box\">\n                            <a class=\"btn-one\" href=\"https:\/\/uluskoleji.com.tr\/mus\/on-kayit-formu\/\"><span class=\"txt\">Kay\u0131t Formu<\/span><\/a>\n                        <\/div>\n                                            <\/div>\n                <\/div>\n            <\/div>\n        <\/div>\n    <\/section>\n    <!--End Slogan Style1 Area-->\n             \n        \t\t\t\t<\/div>\n\t\t\t\t<\/div>\n\t\t\t\t\t<\/div>\n\t\t<\/div>\n\t\t\t\t\t<\/div>\n\t\t<\/section>\n\t\t\t\t<\/div>\n\t\t","protected":false},"excerpt":{"rendered":"<p>&#8220;\u0130leti\u015fim, bilgi aktarmak de\u011fil, anlam\u0131 payla\u015fmakt\u0131r.&#8221; \u2014 Richard Saul Wurman Aray\u0131n Daha fazla bilgi almak i\u00e7in bizi aray\u0131n 0532 309 7245 ePosta G\u00f6nderin Bize mail ile ula\u015fabilirsiniz info@uluskoleji.com SOSYAL MEDYADA [&hellip;]<\/p>\n","protected":false},"author":1,"featured_media":0,"parent":0,"menu_order":0,"comment_status":"closed","ping_status":"closed","template":"tpl-default-elementor.php","meta":{"_price":"","_stock":"","_tribe_ticket_header":"","_tribe_default_ticket_provider":"","_tribe_ticket_capacity":"0","_ticket_start_date":"","_ticket_end_date":"","_tribe_ticket_show_description":"","_tribe_ticket_show_not_going":false,"_tribe_ticket_use_global_stock":"","_tribe_ticket_global_stock_level":"","_global_stock_mode":"","_global_stock_cap":"","_tribe_rsvp_for_event":"","_tribe_ticket_going_count":"","_tribe_ticket_not_going_count":"","_tribe_tickets_list":"[]","_tribe_ticket_has_attendee_info_fields":false,"footnotes":"","_tec_slr_enabled":"","_tec_slr_layout":""},"class_list":["post-643","page","type-page","status-publish","hentry"],"yoast_head":"<!-- This site is optimized with the Yoast SEO plugin v25.7 - https:\/\/yoast.com\/wordpress\/plugins\/seo\/ -->\n<title>\u0130leti\u015fim - Mu\u015f Ulus Koleji<\/title>\n<meta name=\"robots\" content=\"index, follow, max-snippet:-1, max-image-preview:large, max-video-preview:-1\" \/>\n<link rel=\"canonical\" href=\"https:\/\/uluskoleji.com.tr\/mus\/iletisim\/\" \/>\n<meta property=\"og:locale\" content=\"tr_TR\" \/>\n<meta property=\"og:type\" content=\"article\" \/>\n<meta property=\"og:title\" content=\"\u0130leti\u015fim - Mu\u015f Ulus Koleji\" \/>\n<meta property=\"og:description\" content=\"&#8220;\u0130leti\u015fim, bilgi aktarmak de\u011fil, anlam\u0131 payla\u015fmakt\u0131r.&#8221; \u2014 Richard Saul Wurman Aray\u0131n Daha fazla bilgi almak i\u00e7in bizi aray\u0131n 0532 309 7245 ePosta G\u00f6nderin Bize mail ile ula\u015fabilirsiniz info@uluskoleji.com SOSYAL MEDYADA [&hellip;]\" \/>\n<meta property=\"og:url\" content=\"https:\/\/uluskoleji.com.tr\/mus\/iletisim\/\" \/>\n<meta property=\"og:site_name\" content=\"Mu\u015f Ulus Koleji\" \/>\n<meta property=\"article:modified_time\" content=\"2025-02-08T23:11:36+00:00\" \/>\n<meta name=\"twitter:card\" content=\"summary_large_image\" \/>\n<script type=\"application\/ld+json\" class=\"yoast-schema-graph\">{\"@context\":\"https:\/\/schema.org\",\"@graph\":[{\"@type\":\"WebPage\",\"@id\":\"https:\/\/uluskoleji.com.tr\/mus\/iletisim\/\",\"url\":\"https:\/\/uluskoleji.com.tr\/mus\/iletisim\/\",\"name\":\"\u0130leti\u015fim - Mu\u015f Ulus Koleji\",\"isPartOf\":{\"@id\":\"https:\/\/uluskoleji.com.tr\/mus\/#website\"},\"datePublished\":\"2022-06-25T10:46:06+00:00\",\"dateModified\":\"2025-02-08T23:11:36+00:00\",\"breadcrumb\":{\"@id\":\"https:\/\/uluskoleji.com.tr\/mus\/iletisim\/#breadcrumb\"},\"inLanguage\":\"tr\",\"potentialAction\":[{\"@type\":\"ReadAction\",\"target\":[\"https:\/\/uluskoleji.com.tr\/mus\/iletisim\/\"]}]},{\"@type\":\"BreadcrumbList\",\"@id\":\"https:\/\/uluskoleji.com.tr\/mus\/iletisim\/#breadcrumb\",\"itemListElement\":[{\"@type\":\"ListItem\",\"position\":1,\"name\":\"Anasayfa\",\"item\":\"https:\/\/uluskoleji.com.tr\/mus\/\"},{\"@type\":\"ListItem\",\"position\":2,\"name\":\"\u0130leti\u015fim\"}]},{\"@type\":\"WebSite\",\"@id\":\"https:\/\/uluskoleji.com.tr\/mus\/#website\",\"url\":\"https:\/\/uluskoleji.com.tr\/mus\/\",\"name\":\"Mu\u015f Ulus Koleji\",\"description\":\"\",\"publisher\":{\"@id\":\"https:\/\/uluskoleji.com.tr\/mus\/#organization\"},\"potentialAction\":[{\"@type\":\"SearchAction\",\"target\":{\"@type\":\"EntryPoint\",\"urlTemplate\":\"https:\/\/uluskoleji.com.tr\/mus\/?s={search_term_string}\"},\"query-input\":{\"@type\":\"PropertyValueSpecification\",\"valueRequired\":true,\"valueName\":\"search_term_string\"}}],\"inLanguage\":\"tr\"},{\"@type\":\"Organization\",\"@id\":\"https:\/\/uluskoleji.com.tr\/mus\/#organization\",\"name\":\"Mu\u015f Ulus Koleji\",\"url\":\"https:\/\/uluskoleji.com.tr\/mus\/\",\"logo\":{\"@type\":\"ImageObject\",\"inLanguage\":\"tr\",\"@id\":\"https:\/\/uluskoleji.com.tr\/mus\/#\/schema\/logo\/image\/\",\"url\":\"https:\/\/uluskoleji.com.tr\/mus\/wp-content\/uploads\/sites\/5\/2024\/11\/logo1.png\",\"contentUrl\":\"https:\/\/uluskoleji.com.tr\/mus\/wp-content\/uploads\/sites\/5\/2024\/11\/logo1.png\",\"width\":250,\"height\":50,\"caption\":\"Mu\u015f Ulus Koleji\"},\"image\":{\"@id\":\"https:\/\/uluskoleji.com.tr\/mus\/#\/schema\/logo\/image\/\"}}]}<\/script>\n<!-- \/ Yoast SEO plugin. -->","yoast_head_json":{"title":"\u0130leti\u015fim - Mu\u015f Ulus Koleji","robots":{"index":"index","follow":"follow","max-snippet":"max-snippet:-1","max-image-preview":"max-image-preview:large","max-video-preview":"max-video-preview:-1"},"canonical":"https:\/\/uluskoleji.com.tr\/mus\/iletisim\/","og_locale":"tr_TR","og_type":"article","og_title":"\u0130leti\u015fim - Mu\u015f Ulus Koleji","og_description":"&#8220;\u0130leti\u015fim, bilgi aktarmak de\u011fil, anlam\u0131 payla\u015fmakt\u0131r.&#8221; \u2014 Richard Saul Wurman Aray\u0131n Daha fazla bilgi almak i\u00e7in bizi aray\u0131n 0532 309 7245 ePosta G\u00f6nderin Bize mail ile ula\u015fabilirsiniz info@uluskoleji.com SOSYAL MEDYADA [&hellip;]","og_url":"https:\/\/uluskoleji.com.tr\/mus\/iletisim\/","og_site_name":"Mu\u015f Ulus Koleji","article_modified_time":"2025-02-08T23:11:36+00:00","twitter_card":"summary_large_image","schema":{"@context":"https:\/\/schema.org","@graph":[{"@type":"WebPage","@id":"https:\/\/uluskoleji.com.tr\/mus\/iletisim\/","url":"https:\/\/uluskoleji.com.tr\/mus\/iletisim\/","name":"\u0130leti\u015fim - Mu\u015f Ulus Koleji","isPartOf":{"@id":"https:\/\/uluskoleji.com.tr\/mus\/#website"},"datePublished":"2022-06-25T10:46:06+00:00","dateModified":"2025-02-08T23:11:36+00:00","breadcrumb":{"@id":"https:\/\/uluskoleji.com.tr\/mus\/iletisim\/#breadcrumb"},"inLanguage":"tr","potentialAction":[{"@type":"ReadAction","target":["https:\/\/uluskoleji.com.tr\/mus\/iletisim\/"]}]},{"@type":"BreadcrumbList","@id":"https:\/\/uluskoleji.com.tr\/mus\/iletisim\/#breadcrumb","itemListElement":[{"@type":"ListItem","position":1,"name":"Anasayfa","item":"https:\/\/uluskoleji.com.tr\/mus\/"},{"@type":"ListItem","position":2,"name":"\u0130leti\u015fim"}]},{"@type":"WebSite","@id":"https:\/\/uluskoleji.com.tr\/mus\/#website","url":"https:\/\/uluskoleji.com.tr\/mus\/","name":"Mu\u015f Ulus Koleji","description":"","publisher":{"@id":"https:\/\/uluskoleji.com.tr\/mus\/#organization"},"potentialAction":[{"@type":"SearchAction","target":{"@type":"EntryPoint","urlTemplate":"https:\/\/uluskoleji.com.tr\/mus\/?s={search_term_string}"},"query-input":{"@type":"PropertyValueSpecification","valueRequired":true,"valueName":"search_term_string"}}],"inLanguage":"tr"},{"@type":"Organization","@id":"https:\/\/uluskoleji.com.tr\/mus\/#organization","name":"Mu\u015f Ulus Koleji","url":"https:\/\/uluskoleji.com.tr\/mus\/","logo":{"@type":"ImageObject","inLanguage":"tr","@id":"https:\/\/uluskoleji.com.tr\/mus\/#\/schema\/logo\/image\/","url":"https:\/\/uluskoleji.com.tr\/mus\/wp-content\/uploads\/sites\/5\/2024\/11\/logo1.png","contentUrl":"https:\/\/uluskoleji.com.tr\/mus\/wp-content\/uploads\/sites\/5\/2024\/11\/logo1.png","width":250,"height":50,"caption":"Mu\u015f Ulus Koleji"},"image":{"@id":"https:\/\/uluskoleji.com.tr\/mus\/#\/schema\/logo\/image\/"}}]}},"ticketed":false,"_links":{"self":[{"href":"https:\/\/uluskoleji.com.tr\/mus\/wp-json\/wp\/v2\/pages\/643","targetHints":{"allow":["GET"]}}],"collection":[{"href":"https:\/\/uluskoleji.com.tr\/mus\/wp-json\/wp\/v2\/pages"}],"about":[{"href":"https:\/\/uluskoleji.com.tr\/mus\/wp-json\/wp\/v2\/types\/page"}],"author":[{"embeddable":true,"href":"https:\/\/uluskoleji.com.tr\/mus\/wp-json\/wp\/v2\/users\/1"}],"replies":[{"embeddable":true,"href":"https:\/\/uluskoleji.com.tr\/mus\/wp-json\/wp\/v2\/comments?post=643"}],"version-history":[{"count":49,"href":"https:\/\/uluskoleji.com.tr\/mus\/wp-json\/wp\/v2\/pages\/643\/revisions"}],"predecessor-version":[{"id":6213,"href":"https:\/\/uluskoleji.com.tr\/mus\/wp-json\/wp\/v2\/pages\/643\/revisions\/6213"}],"wp:attachment":[{"href":"https:\/\/uluskoleji.com.tr\/mus\/wp-json\/wp\/v2\/media?parent=643"}],"curies":[{"name":"wp","href":"https:\/\/api.w.org\/{rel}","templated":true}]}}