{"id":6218,"date":"2025-02-08T23:29:18","date_gmt":"2025-02-08T23:29:18","guid":{"rendered":"https:\/\/uluskoleji.com.tr\/mus\/?page_id=6218"},"modified":"2025-02-08T23:30:36","modified_gmt":"2025-02-08T23:30:36","slug":"kariyer-basvuru-formu","status":"publish","type":"page","link":"https:\/\/uluskoleji.com.tr\/mus\/kariyer-basvuru-formu\/","title":{"rendered":"Kariyer Ba\u015fvuru Formu"},"content":{"rendered":"\t\t<div data-elementor-type=\"wp-page\" data-elementor-id=\"6218\" class=\"elementor elementor-6218\">\n\t\t\t\t\t\t<section class=\"elementor-section elementor-top-section elementor-element elementor-element-8e795c8 elementor-section-full_width elementor-section-height-default elementor-section-height-default\" data-id=\"8e795c8\" data-element_type=\"section\" data-e-type=\"section\">\n\t\t\t\t\t\t<div class=\"elementor-container elementor-column-gap-default\">\n\t\t\t\t\t<div class=\"elementor-column elementor-col-100 elementor-top-column elementor-element elementor-element-6ab1d59\" data-id=\"6ab1d59\" data-element_type=\"column\" data-e-type=\"column\">\n\t\t\t<div class=\"elementor-widget-wrap elementor-element-populated\">\n\t\t\t\t\t\t<div class=\"elementor-element elementor-element-3fbd8da elementor-widget elementor-widget-educamb_contact_form_v7\" data-id=\"3fbd8da\" data-element_type=\"widget\" data-e-type=\"widget\" data-widget_type=\"educamb_contact_form_v7.default\">\n\t\t\t\t<div class=\"elementor-widget-container\">\n\t\t\t\t\t\t\n    <!--Start Main Contact Form Style8 Area-->\n    <section class=\"main-contact-form-style8-area\">\n        <div class=\"container\">\n            <div class=\"row\">\n\n                <div class=\"col-xl-6\">\n                    <div class=\"contact-info-box-style8\">\n                        <div class=\"sec-title\">\n                                                                                    <div class=\"sub-title\">\n                                <p>De\u011ferli Adaylar,\n\u015eirketimize kat\u0131lmak ve kariyerinize y\u00f6n vermek i\u00e7in ba\u015fvurular\u0131n\u0131z\u0131 bu form arac\u0131l\u0131\u011f\u0131yla iletebilirsiniz. L\u00fctfen ki\u015fisel bilgilerinizi, \u00f6zge\u00e7mi\u015finizi ve varsa ek belgelerinizi eksiksiz olarak doldurunuz. Ba\u015fvurular\u0131n\u0131z dikkatle incelenecek ve uygun g\u00f6r\u00fclen adaylarla ileti\u015fime ge\u00e7ilecektir.\n\nKariyer f\u0131rsatlar\u0131m\u0131z hakk\u0131nda daha fazla bilgi almak veya sorular\u0131n\u0131z i\u00e7in bizimle ileti\u015fime ge\u00e7ebilirsiniz. \u0130lginiz i\u00e7in te\u015fekk\u00fcr ederiz.<\/p>\n                            <\/div>\n                                                    <\/div>\n\n                        <div class=\"conatct-info\">\n                            <div class=\"row\">\n                                                                <div class=\"col-xl-6\">\n                                    <div class=\"quick-contact-info-single-box\">\n                                        <div class=\"icon\">\n                                            <span class=\"fa fa-check\"><\/span>\n                                        <\/div>\n                                        <div class=\"text\">\n                                            <h3>Bizi Aray\u0131n<\/h3>\n                                            <p>0532 309 7245<\/p>\n                                                                                    <\/div>\n                                    <\/div>\n                                <\/div>\n                                                                <div class=\"col-xl-6\">\n                                    <div class=\"quick-contact-info-single-box\">\n                                        <div class=\"icon\">\n                                            <span class=\"fa fa-star\"><\/span>\n                                        <\/div>\n                                        <div class=\"text\">\n                                            <h3>Mail G\u00f6nderin<\/h3>\n                                            <p>info@uluskoleji.com<\/p>\n                                                                                    <\/div>\n                                    <\/div>\n                                <\/div>\n                                                            <\/div>\n                            <div class=\"row\">\n                                <div class=\"col-xl-12\">\n                                    <div\n                                        class=\"quick-contact-info-single-box quick-contact-info-single-box--style2\">\n                                                                                <div class=\"text\">\n                                                                                                                                <\/div>\n                                    <\/div>\n                                <\/div>\n                            <\/div>\n\n                        <\/div>\n                    <\/div>\n                <\/div>\n\n                <div class=\"col-xl-6\">\n                    <div class=\"contact-form\">\n                        <div class=\"sec-title\">\n                            <h2>KAR\u0130YER BA\u015eVURU FORMU<\/h2>                                                    <\/div>\n                        <div class=\"default-form2\">\n\t\t\t\t\t\t\t\n<div class=\"wpcf7 no-js\" id=\"wpcf7-f6217-o1\" lang=\"tr-TR\" dir=\"ltr\" data-wpcf7-id=\"6217\">\n<div class=\"screen-reader-response\"><p role=\"status\" aria-live=\"polite\" aria-atomic=\"true\"><\/p> <ul><\/ul><\/div>\n<form action=\"\/mus\/wp-json\/wp\/v2\/pages\/6218#wpcf7-f6217-o1\" method=\"post\" class=\"wpcf7-form init\" aria-label=\"\u0130leti\u015fim Formu\" novalidate=\"novalidate\" data-status=\"init\">\n<fieldset class=\"hidden-fields-container\"><input type=\"hidden\" name=\"_wpcf7\" value=\"6217\" \/><input type=\"hidden\" name=\"_wpcf7_version\" value=\"6.1.5\" \/><input type=\"hidden\" name=\"_wpcf7_locale\" value=\"tr_TR\" \/><input type=\"hidden\" name=\"_wpcf7_unit_tag\" value=\"wpcf7-f6217-o1\" \/><input type=\"hidden\" name=\"_wpcf7_container_post\" value=\"0\" \/><input type=\"hidden\" name=\"_wpcf7_posted_data_hash\" value=\"\" \/>\n<\/fieldset>\n<p><label> Ad\u0131 Soyad\u0131<br \/>\n<span class=\"wpcf7-form-control-wrap\" data-name=\"your-name\"><input size=\"40\" maxlength=\"400\" class=\"wpcf7-form-control wpcf7-text wpcf7-validates-as-required\" autocomplete=\"name\" aria-required=\"true\" aria-invalid=\"false\" value=\"\" type=\"text\" name=\"your-name\" \/><\/span> <\/label>\n<\/p>\n<p><label> \u00c7al\u0131\u015fmak istedi\u011finiz Pozisyon<br \/>\n<span class=\"wpcf7-form-control-wrap\" data-name=\"pozisyon\"><input size=\"40\" maxlength=\"400\" class=\"wpcf7-form-control wpcf7-text wpcf7-validates-as-required\" autocomplete=\"name\" aria-required=\"true\" aria-invalid=\"false\" value=\"\" type=\"text\" name=\"pozisyon\" \/><\/span> <\/label>\n<\/p>\n<p><label> Tecr\u00fcbe y\u0131l\u0131n\u0131z<br \/>\n<span class=\"wpcf7-form-control-wrap\" data-name=\"tecrube\"><input size=\"40\" maxlength=\"400\" class=\"wpcf7-form-control wpcf7-text wpcf7-validates-as-required\" autocomplete=\"name\" aria-required=\"true\" aria-invalid=\"false\" value=\"\" type=\"text\" name=\"tecrube\" \/><\/span> <\/label>\n<\/p>\n<p><label> Mezuniyet Bilgileri<br \/>\n<span class=\"wpcf7-form-control-wrap\" data-name=\"mezuniyet\"><input size=\"40\" maxlength=\"400\" class=\"wpcf7-form-control wpcf7-text wpcf7-validates-as-required\" autocomplete=\"name\" aria-required=\"true\" aria-invalid=\"false\" value=\"\" type=\"text\" name=\"mezuniyet\" \/><\/span> <\/label>\n<\/p>\n<p><label> e-Posta<br \/>\n<span class=\"wpcf7-form-control-wrap\" data-name=\"your-email\"><input size=\"40\" maxlength=\"400\" class=\"wpcf7-form-control wpcf7-email wpcf7-validates-as-required wpcf7-text wpcf7-validates-as-email\" autocomplete=\"email\" aria-required=\"true\" aria-invalid=\"false\" value=\"\" type=\"email\" name=\"your-email\" \/><\/span> <\/label>\n<\/p>\n<p><label> Telefon<br \/>\n<span class=\"wpcf7-form-control-wrap\" data-name=\"your-phone\"><input size=\"40\" maxlength=\"400\" class=\"wpcf7-form-control wpcf7-text wpcf7-validates-as-required\" autocomplete=\"text\" aria-required=\"true\" aria-invalid=\"false\" value=\"\" type=\"text\" name=\"your-phone\" \/><\/span> <\/label>\n<\/p>\n<p><label> CV Metni<br \/>\n<span class=\"wpcf7-form-control-wrap\" data-name=\"your-message\"><textarea cols=\"40\" rows=\"10\" maxlength=\"2000\" class=\"wpcf7-form-control wpcf7-textarea\" aria-invalid=\"false\" name=\"your-message\"><\/textarea><\/span> <\/label>\n<\/p>\n<p><input class=\"wpcf7-form-control wpcf7-submit has-spinner\" type=\"submit\" value=\"G\u00d6NDER\" \/>\n<\/p><div class=\"wpcf7-response-output\" aria-hidden=\"true\"><\/div>\n<\/form>\n<\/div>\n                        <\/div>\n                    <\/div>\n                <\/div>\n\n            <\/div>\n        <\/div>\n    <\/section>\n    <!--End Main Contact Form Style8 Area-->\n        \n                     \n        \t\t\t\t<\/div>\n\t\t\t\t<\/div>\n\t\t\t\t\t<\/div>\n\t\t<\/div>\n\t\t\t\t\t<\/div>\n\t\t<\/section>\n\t\t\t\t<\/div>\n\t\t","protected":false},"excerpt":{"rendered":"<p>De\u011ferli Adaylar, \u015eirketimize kat\u0131lmak ve kariyerinize y\u00f6n vermek i\u00e7in ba\u015fvurular\u0131n\u0131z\u0131 bu form arac\u0131l\u0131\u011f\u0131yla iletebilirsiniz. L\u00fctfen ki\u015fisel bilgilerinizi, \u00f6zge\u00e7mi\u015finizi ve varsa ek belgelerinizi eksiksiz olarak doldurunuz. Ba\u015fvurular\u0131n\u0131z dikkatle incelenecek ve uygun [&hellip;]<\/p>\n","protected":false},"author":1,"featured_media":0,"parent":0,"menu_order":0,"comment_status":"closed","ping_status":"closed","template":"tpl-default-elementor.php","meta":{"_price":"","_stock":"","_tribe_ticket_header":"","_tribe_default_ticket_provider":"","_tribe_ticket_capacity":"0","_ticket_start_date":"","_ticket_end_date":"","_tribe_ticket_show_description":"","_tribe_ticket_show_not_going":false,"_tribe_ticket_use_global_stock":"","_tribe_ticket_global_stock_level":"","_global_stock_mode":"","_global_stock_cap":"","_tribe_rsvp_for_event":"","_tribe_ticket_going_count":"","_tribe_ticket_not_going_count":"","_tribe_tickets_list":"[]","_tribe_ticket_has_attendee_info_fields":false,"footnotes":"","_tec_slr_enabled":"","_tec_slr_layout":""},"class_list":["post-6218","page","type-page","status-publish","hentry"],"yoast_head":"<!-- This site is optimized with the Yoast SEO plugin v25.7 - https:\/\/yoast.com\/wordpress\/plugins\/seo\/ -->\n<title>Kariyer Ba\u015fvuru Formu - Mu\u015f Ulus Koleji<\/title>\n<meta name=\"robots\" content=\"index, follow, max-snippet:-1, max-image-preview:large, max-video-preview:-1\" \/>\n<link rel=\"canonical\" href=\"https:\/\/uluskoleji.com.tr\/mus\/kariyer-basvuru-formu\/\" \/>\n<meta property=\"og:locale\" content=\"tr_TR\" \/>\n<meta property=\"og:type\" content=\"article\" \/>\n<meta property=\"og:title\" content=\"Kariyer Ba\u015fvuru Formu - Mu\u015f Ulus Koleji\" \/>\n<meta property=\"og:description\" content=\"De\u011ferli Adaylar, \u015eirketimize kat\u0131lmak ve kariyerinize y\u00f6n vermek i\u00e7in ba\u015fvurular\u0131n\u0131z\u0131 bu form arac\u0131l\u0131\u011f\u0131yla iletebilirsiniz. L\u00fctfen ki\u015fisel bilgilerinizi, \u00f6zge\u00e7mi\u015finizi ve varsa ek belgelerinizi eksiksiz olarak doldurunuz. Ba\u015fvurular\u0131n\u0131z dikkatle incelenecek ve uygun [&hellip;]\" \/>\n<meta property=\"og:url\" content=\"https:\/\/uluskoleji.com.tr\/mus\/kariyer-basvuru-formu\/\" \/>\n<meta property=\"og:site_name\" content=\"Mu\u015f Ulus Koleji\" \/>\n<meta property=\"article:modified_time\" content=\"2025-02-08T23:30:36+00:00\" \/>\n<meta name=\"twitter:card\" content=\"summary_large_image\" \/>\n<meta name=\"twitter:label1\" content=\"Tahmini okuma s\u00fcresi\" \/>\n\t<meta name=\"twitter:data1\" content=\"1 dakika\" \/>\n<script type=\"application\/ld+json\" class=\"yoast-schema-graph\">{\"@context\":\"https:\/\/schema.org\",\"@graph\":[{\"@type\":\"WebPage\",\"@id\":\"https:\/\/uluskoleji.com.tr\/mus\/kariyer-basvuru-formu\/\",\"url\":\"https:\/\/uluskoleji.com.tr\/mus\/kariyer-basvuru-formu\/\",\"name\":\"Kariyer Ba\u015fvuru Formu - Mu\u015f Ulus Koleji\",\"isPartOf\":{\"@id\":\"https:\/\/uluskoleji.com.tr\/mus\/#website\"},\"datePublished\":\"2025-02-08T23:29:18+00:00\",\"dateModified\":\"2025-02-08T23:30:36+00:00\",\"breadcrumb\":{\"@id\":\"https:\/\/uluskoleji.com.tr\/mus\/kariyer-basvuru-formu\/#breadcrumb\"},\"inLanguage\":\"tr\",\"potentialAction\":[{\"@type\":\"ReadAction\",\"target\":[\"https:\/\/uluskoleji.com.tr\/mus\/kariyer-basvuru-formu\/\"]}]},{\"@type\":\"BreadcrumbList\",\"@id\":\"https:\/\/uluskoleji.com.tr\/mus\/kariyer-basvuru-formu\/#breadcrumb\",\"itemListElement\":[{\"@type\":\"ListItem\",\"position\":1,\"name\":\"Anasayfa\",\"item\":\"https:\/\/uluskoleji.com.tr\/mus\/\"},{\"@type\":\"ListItem\",\"position\":2,\"name\":\"Kariyer Ba\u015fvuru Formu\"}]},{\"@type\":\"WebSite\",\"@id\":\"https:\/\/uluskoleji.com.tr\/mus\/#website\",\"url\":\"https:\/\/uluskoleji.com.tr\/mus\/\",\"name\":\"Mu\u015f Ulus Koleji\",\"description\":\"\",\"publisher\":{\"@id\":\"https:\/\/uluskoleji.com.tr\/mus\/#organization\"},\"potentialAction\":[{\"@type\":\"SearchAction\",\"target\":{\"@type\":\"EntryPoint\",\"urlTemplate\":\"https:\/\/uluskoleji.com.tr\/mus\/?s={search_term_string}\"},\"query-input\":{\"@type\":\"PropertyValueSpecification\",\"valueRequired\":true,\"valueName\":\"search_term_string\"}}],\"inLanguage\":\"tr\"},{\"@type\":\"Organization\",\"@id\":\"https:\/\/uluskoleji.com.tr\/mus\/#organization\",\"name\":\"Mu\u015f Ulus Koleji\",\"url\":\"https:\/\/uluskoleji.com.tr\/mus\/\",\"logo\":{\"@type\":\"ImageObject\",\"inLanguage\":\"tr\",\"@id\":\"https:\/\/uluskoleji.com.tr\/mus\/#\/schema\/logo\/image\/\",\"url\":\"https:\/\/uluskoleji.com.tr\/mus\/wp-content\/uploads\/sites\/5\/2024\/11\/logo1.png\",\"contentUrl\":\"https:\/\/uluskoleji.com.tr\/mus\/wp-content\/uploads\/sites\/5\/2024\/11\/logo1.png\",\"width\":250,\"height\":50,\"caption\":\"Mu\u015f Ulus Koleji\"},\"image\":{\"@id\":\"https:\/\/uluskoleji.com.tr\/mus\/#\/schema\/logo\/image\/\"}}]}<\/script>\n<!-- \/ Yoast SEO plugin. -->","yoast_head_json":{"title":"Kariyer Ba\u015fvuru Formu - Mu\u015f Ulus Koleji","robots":{"index":"index","follow":"follow","max-snippet":"max-snippet:-1","max-image-preview":"max-image-preview:large","max-video-preview":"max-video-preview:-1"},"canonical":"https:\/\/uluskoleji.com.tr\/mus\/kariyer-basvuru-formu\/","og_locale":"tr_TR","og_type":"article","og_title":"Kariyer Ba\u015fvuru Formu - Mu\u015f Ulus Koleji","og_description":"De\u011ferli Adaylar, \u015eirketimize kat\u0131lmak ve kariyerinize y\u00f6n vermek i\u00e7in ba\u015fvurular\u0131n\u0131z\u0131 bu form arac\u0131l\u0131\u011f\u0131yla iletebilirsiniz. L\u00fctfen ki\u015fisel bilgilerinizi, \u00f6zge\u00e7mi\u015finizi ve varsa ek belgelerinizi eksiksiz olarak doldurunuz. Ba\u015fvurular\u0131n\u0131z dikkatle incelenecek ve uygun [&hellip;]","og_url":"https:\/\/uluskoleji.com.tr\/mus\/kariyer-basvuru-formu\/","og_site_name":"Mu\u015f Ulus Koleji","article_modified_time":"2025-02-08T23:30:36+00:00","twitter_card":"summary_large_image","twitter_misc":{"Tahmini okuma s\u00fcresi":"1 dakika"},"schema":{"@context":"https:\/\/schema.org","@graph":[{"@type":"WebPage","@id":"https:\/\/uluskoleji.com.tr\/mus\/kariyer-basvuru-formu\/","url":"https:\/\/uluskoleji.com.tr\/mus\/kariyer-basvuru-formu\/","name":"Kariyer Ba\u015fvuru Formu - Mu\u015f Ulus Koleji","isPartOf":{"@id":"https:\/\/uluskoleji.com.tr\/mus\/#website"},"datePublished":"2025-02-08T23:29:18+00:00","dateModified":"2025-02-08T23:30:36+00:00","breadcrumb":{"@id":"https:\/\/uluskoleji.com.tr\/mus\/kariyer-basvuru-formu\/#breadcrumb"},"inLanguage":"tr","potentialAction":[{"@type":"ReadAction","target":["https:\/\/uluskoleji.com.tr\/mus\/kariyer-basvuru-formu\/"]}]},{"@type":"BreadcrumbList","@id":"https:\/\/uluskoleji.com.tr\/mus\/kariyer-basvuru-formu\/#breadcrumb","itemListElement":[{"@type":"ListItem","position":1,"name":"Anasayfa","item":"https:\/\/uluskoleji.com.tr\/mus\/"},{"@type":"ListItem","position":2,"name":"Kariyer Ba\u015fvuru Formu"}]},{"@type":"WebSite","@id":"https:\/\/uluskoleji.com.tr\/mus\/#website","url":"https:\/\/uluskoleji.com.tr\/mus\/","name":"Mu\u015f Ulus Koleji","description":"","publisher":{"@id":"https:\/\/uluskoleji.com.tr\/mus\/#organization"},"potentialAction":[{"@type":"SearchAction","target":{"@type":"EntryPoint","urlTemplate":"https:\/\/uluskoleji.com.tr\/mus\/?s={search_term_string}"},"query-input":{"@type":"PropertyValueSpecification","valueRequired":true,"valueName":"search_term_string"}}],"inLanguage":"tr"},{"@type":"Organization","@id":"https:\/\/uluskoleji.com.tr\/mus\/#organization","name":"Mu\u015f Ulus Koleji","url":"https:\/\/uluskoleji.com.tr\/mus\/","logo":{"@type":"ImageObject","inLanguage":"tr","@id":"https:\/\/uluskoleji.com.tr\/mus\/#\/schema\/logo\/image\/","url":"https:\/\/uluskoleji.com.tr\/mus\/wp-content\/uploads\/sites\/5\/2024\/11\/logo1.png","contentUrl":"https:\/\/uluskoleji.com.tr\/mus\/wp-content\/uploads\/sites\/5\/2024\/11\/logo1.png","width":250,"height":50,"caption":"Mu\u015f Ulus Koleji"},"image":{"@id":"https:\/\/uluskoleji.com.tr\/mus\/#\/schema\/logo\/image\/"}}]}},"ticketed":false,"_links":{"self":[{"href":"https:\/\/uluskoleji.com.tr\/mus\/wp-json\/wp\/v2\/pages\/6218","targetHints":{"allow":["GET"]}}],"collection":[{"href":"https:\/\/uluskoleji.com.tr\/mus\/wp-json\/wp\/v2\/pages"}],"about":[{"href":"https:\/\/uluskoleji.com.tr\/mus\/wp-json\/wp\/v2\/types\/page"}],"author":[{"embeddable":true,"href":"https:\/\/uluskoleji.com.tr\/mus\/wp-json\/wp\/v2\/users\/1"}],"replies":[{"embeddable":true,"href":"https:\/\/uluskoleji.com.tr\/mus\/wp-json\/wp\/v2\/comments?post=6218"}],"version-history":[{"count":4,"href":"https:\/\/uluskoleji.com.tr\/mus\/wp-json\/wp\/v2\/pages\/6218\/revisions"}],"predecessor-version":[{"id":6222,"href":"https:\/\/uluskoleji.com.tr\/mus\/wp-json\/wp\/v2\/pages\/6218\/revisions\/6222"}],"wp:attachment":[{"href":"https:\/\/uluskoleji.com.tr\/mus\/wp-json\/wp\/v2\/media?parent=6218"}],"curies":[{"name":"wp","href":"https:\/\/api.w.org\/{rel}","templated":true}]}}